{"id":35,"date":"2025-01-13T18:45:03","date_gmt":"2025-01-13T21:45:03","guid":{"rendered":"https:\/\/farmacialaavenida.cl\/?page_id=35"},"modified":"2025-01-13T20:50:37","modified_gmt":"2025-01-13T23:50:37","slug":"contacto","status":"publish","type":"page","link":"https:\/\/farmacialaavenida.cl\/?page_id=35","title":{"rendered":"Contacto"},"content":{"rendered":"\n<figure class=\"wp-block-image size-large\"><img loading=\"lazy\" decoding=\"async\" width=\"1024\" height=\"791\" src=\"https:\/\/farmacialaavenida.cl\/wp-content\/uploads\/2025\/01\/Copia-de-2-1024x791.png\" alt=\"\" class=\"wp-image-69\" srcset=\"https:\/\/farmacialaavenida.cl\/wp-content\/uploads\/2025\/01\/Copia-de-2-1024x791.png 1024w, https:\/\/farmacialaavenida.cl\/wp-content\/uploads\/2025\/01\/Copia-de-2-300x232.png 300w, https:\/\/farmacialaavenida.cl\/wp-content\/uploads\/2025\/01\/Copia-de-2-768x593.png 768w, https:\/\/farmacialaavenida.cl\/wp-content\/uploads\/2025\/01\/Copia-de-2-1536x1187.png 1536w, https:\/\/farmacialaavenida.cl\/wp-content\/uploads\/2025\/01\/Copia-de-2.png 2000w\" sizes=\"auto, (max-width: 1024px) 100vw, 1024px\" \/><\/figure>\n\n\n\n<p class=\"has-text-align-center has-large-font-size\"><strong>Cont\u00e1ctanos v\u00eda WhatsApp <a href=\"https:\/\/wa.link\/312695\" data-type=\"link\" data-id=\"https:\/\/wa.link\/312695\">AQU\u00cd<\/a><\/strong><\/p>\n\n\n\n<p><\/p>\n","protected":false},"excerpt":{"rendered":"<p>Cont\u00e1ctanos v\u00eda WhatsApp AQU\u00cd<\/p>\n","protected":false},"author":2,"featured_media":0,"parent":0,"menu_order":0,"comment_status":"closed","ping_status":"closed","template":"","meta":{"footnotes":""},"categories":[],"tags":[],"class_list":["post-35","page","type-page","status-publish","hentry"],"_links":{"self":[{"href":"https:\/\/farmacialaavenida.cl\/index.php?rest_route=\/wp\/v2\/pages\/35","targetHints":{"allow":["GET"]}}],"collection":[{"href":"https:\/\/farmacialaavenida.cl\/index.php?rest_route=\/wp\/v2\/pages"}],"about":[{"href":"https:\/\/farmacialaavenida.cl\/index.php?rest_route=\/wp\/v2\/types\/page"}],"author":[{"embeddable":true,"href":"https:\/\/farmacialaavenida.cl\/index.php?rest_route=\/wp\/v2\/users\/2"}],"replies":[{"embeddable":true,"href":"https:\/\/farmacialaavenida.cl\/index.php?rest_route=%2Fwp%2Fv2%2Fcomments&post=35"}],"version-history":[{"count":3,"href":"https:\/\/farmacialaavenida.cl\/index.php?rest_route=\/wp\/v2\/pages\/35\/revisions"}],"predecessor-version":[{"id":83,"href":"https:\/\/farmacialaavenida.cl\/index.php?rest_route=\/wp\/v2\/pages\/35\/revisions\/83"}],"wp:attachment":[{"href":"https:\/\/farmacialaavenida.cl\/index.php?rest_route=%2Fwp%2Fv2%2Fmedia&parent=35"}],"wp:term":[{"taxonomy":"category","embeddable":true,"href":"https:\/\/farmacialaavenida.cl\/index.php?rest_route=%2Fwp%2Fv2%2Fcategories&post=35"},{"taxonomy":"post_tag","embeddable":true,"href":"https:\/\/farmacialaavenida.cl\/index.php?rest_route=%2Fwp%2Fv2%2Ftags&post=35"}],"curies":[{"name":"wp","href":"https:\/\/api.w.org\/{rel}","templated":true}]}}